{"id":1172,"date":"2023-09-14T15:20:40","date_gmt":"2023-09-14T15:20:40","guid":{"rendered":"https:\/\/docteur-marciano.net\/site-docteur-marciano\/?page_id=1172"},"modified":"2024-01-05T13:44:08","modified_gmt":"2024-01-05T12:44:08","slug":"mentions-legales","status":"publish","type":"page","link":"https:\/\/docteur-marciano.net\/site-docteur-marciano\/mentions-legales\/","title":{"rendered":"Mentions L\u00e9gales"},"content":{"rendered":"<div class=\"fusion-fullwidth fullwidth-box fusion-builder-row-1 fusion-flex-container nonhundred-percent-fullwidth non-hundred-percent-height-scrolling\" style=\"--awb-border-radius-top-left:0px;--awb-border-radius-top-right:0px;--awb-border-radius-bottom-right:0px;--awb-border-radius-bottom-left:0px;--awb-padding-top:90px;--awb-padding-bottom:104px;--awb-background-color:var(--awb-color1);--awb-flex-wrap:wrap;\" ><div class=\"fusion-builder-row fusion-row fusion-flex-align-items-flex-start fusion-flex-justify-content-center fusion-flex-content-wrap\" style=\"max-width:1248px;margin-left: calc(-4% \/ 2 );margin-right: calc(-4% \/ 2 );\"><div class=\"fusion-layout-column fusion_builder_column fusion-builder-column-0 fusion_builder_column_1_1 1_1 fusion-flex-column fusion-flex-align-self-flex-start fusion-animated\" style=\"--awb-padding-top:50px;--awb-padding-bottom:50px;--awb-overflow:hidden;--awb-bg-color:rgba(156,202,223,0.07);--awb-bg-color-hover:rgba(156,202,223,0.07);--awb-bg-size:cover;--awb-border-color:var(--awb-color5);--awb-border-style:solid;--awb-border-radius:20px 20px 20px 20px;--awb-width-large:100%;--awb-margin-top-large:0px;--awb-spacing-right-large:1.92%;--awb-margin-bottom-large:20px;--awb-spacing-left-large:1.92%;--awb-width-medium:100%;--awb-order-medium:0;--awb-spacing-right-medium:1.92%;--awb-spacing-left-medium:1.92%;--awb-width-small:100%;--awb-order-small:0;--awb-spacing-right-small:1.92%;--awb-spacing-left-small:1.92%;\" data-animationType=\"fadeInLeft\" data-animationDuration=\"1.0\" data-animationOffset=\"top-into-view\"><div class=\"fusion-column-wrapper fusion-column-has-shadow fusion-flex-justify-content-flex-start fusion-content-layout-column\"><div class=\"fusion-text fusion-text-1 sm-text-align-center\" style=\"--awb-content-alignment:left;--awb-text-color:var(--awb-color6);--awb-margin-right:5px;--awb-margin-left:5px;\"><p>Conform\u00e9ment aux dispositions des Articles 6-III et 19 de la Loi n\u00b02004-575 du 21 juin 2004 pour la Confiance dans l\u2019\u00e9conomie num\u00e9rique, dite L.C.E.N., il est port\u00e9 \u00e0 la connaissance des utilisateurs et visiteurs du site <a class=\"c-link\" href=\"http:\/\/docteur-marciano.net\/\" target=\"_blank\" rel=\"noopener noreferrer\" data-stringify-link=\"http:\/\/docteur-marciano.net\" data-sk=\"tooltip_parent\">docteur-marciano.net<\/a> les pr\u00e9sentes mentions l\u00e9gales.<\/p>\n<p>1. Informations l\u00e9gales :<\/p>\n<p>Statut du propri\u00e9taire : Docteur<br \/>\nLe Propri\u00e9taire est : Docteur Sebastian Marciano<br \/>\nAdresse postale du propri\u00e9taire : 82 Rue Baudin 92300 Levallois-Perret France<br \/>\nLe Responsable de la publication est : Docteur Sebastian Marciano<br \/>\nLe responsable de la publication est une personne physique<br \/>\n2. Description des services fournis :<br \/>\nLe site <a class=\"c-link\" href=\"http:\/\/docteur-marciano.net\/\" target=\"_blank\" rel=\"noopener noreferrer\" data-stringify-link=\"http:\/\/docteur-marciano.net\" data-sk=\"tooltip_parent\">docteur-marciano.net<\/a> a pour objet de fournir une information concernant l\u2019ensemble des activit\u00e9s du cabinet du Docteur Sebastian Marciano. Le propri\u00e9taire du site s\u2019efforce de fournir sur le site <a class=\"c-link\" href=\"http:\/\/docteur-marciano.net\/\" target=\"_blank\" rel=\"noopener noreferrer\" data-stringify-link=\"http:\/\/docteur-marciano.net\" data-sk=\"tooltip_parent\">docteur-marciano.net<\/a> des informations aussi pr\u00e9cises que possible. Toutefois, il ne pourra \u00eatre tenu responsable des oublis, des inexactitudes et des carences dans la mise \u00e0 jour.<\/p>\n<p>3. Propri\u00e9t\u00e9 intellectuelle et contrefa\u00e7ons :<\/p>\n<p>Docteur Sebastian Marciano est propri\u00e9taire des droits de propri\u00e9t\u00e9 intellectuelle et d\u00e9tient les droits d\u2019usage sur tous les \u00e9l\u00e9ments accessibles sur le site internet, notamment les textes, images, graphismes, logos, ic\u00f4nes, sons, logiciels. Toute reproduction, repr\u00e9sentation, modification, publication, adaptation de tout ou partie des \u00e9l\u00e9ments du site, quel que soit le moyen ou le proc\u00e9d\u00e9 utilis\u00e9, est interdite, sauf autorisation \u00e9crite pr\u00e9alable de : Docteur Sebastian Marciano.<\/p>\n<p>4. Gestion des donn\u00e9es personnelles :<\/p>\n<p>Le site ne collecte des informations personnelles relatives \u00e0 l&rsquo;utilisateur (nom, e-mail, coordonn\u00e9es t\u00e9l\u00e9phoniques) que pour le besoin des services propos\u00e9s par le site <a class=\"c-link\" href=\"http:\/\/docteur-marciano.net\/\" target=\"_blank\" rel=\"noopener noreferrer\" data-stringify-link=\"http:\/\/docteur-marciano.net\" data-sk=\"tooltip_parent\">docteur-marciano.net<\/a>. L&rsquo;utilisateur fournit ces informations en toute connaissance de cause, notamment lorsqu&rsquo;il proc\u00e8de par lui-m\u00eame \u00e0 leur saisie. .<\/p>\n<p>5. H\u00e9bergement :<\/p>\n<p>Le site <a class=\"c-link\" href=\"http:\/\/docteur-marciano.net\/\" target=\"_blank\" rel=\"noopener noreferrer\" data-stringify-link=\"http:\/\/docteur-marciano.net\" data-sk=\"tooltip_parent\">docteur-marciano.net<\/a> est h\u00e9berg\u00e9 par Hostinger, dont le si\u00e8ge social est situ\u00e9 \u00e0 l&rsquo;adresse suivante : 61 Lordou Vironos Street, 6023 Larnaca, Chypre.<\/p>\n<p>6. Cookies :<\/p>\n<p>Le site <a class=\"c-link\" href=\"http:\/\/docteur-marciano.net\/\" target=\"_blank\" rel=\"noopener noreferrer\" data-stringify-link=\"http:\/\/docteur-marciano.net\" data-sk=\"tooltip_parent\">docteur-marciano.net<\/a> utilise des sessions pour collecter des informations lors de la visite de l&rsquo;utilisateur. Ces sessions sont n\u00e9cessaires pour la s\u00e9curit\u00e9 du site et l&rsquo;exp\u00e9rience utilisateur. Aucun autre cookie n&rsquo;est utilis\u00e9 sur le site.<\/p>\n<p>7. Droit applicable et lois concern\u00e9es :<\/p>\n<p>Soumis au droit fran\u00e7ais, le site web <a class=\"c-link\" href=\"http:\/\/docteur-marciano.net\/\" target=\"_blank\" rel=\"noopener noreferrer\" data-stringify-link=\"http:\/\/docteur-marciano.net\" data-sk=\"tooltip_parent\">docteur-marciano.net<\/a> est encadr\u00e9 par la loi n\u00b0 2004-2005 du 21 juin 2004 pour la confiance dans l&rsquo;\u00e9conomie num\u00e9rique, l&rsquo;article L.335-2 du Code de la Propri\u00e9t\u00e9 Intellectuelle et la loi \u00ab\u00a0Informatique et libert\u00e9s\u00a0\u00bb du 6 janvier 1978 modifi\u00e9e en 2004.<\/p>\n<p>8. RGPD :<\/p>\n<p>En accord avec le R\u00e8glement G\u00e9n\u00e9ral sur la Protection des Donn\u00e9es (RGPD), les utilisateurs du site <a class=\"c-link\" href=\"http:\/\/docteur-marciano.net\/\" target=\"_blank\" rel=\"noopener noreferrer\" data-stringify-link=\"http:\/\/docteur-marciano.net\" data-sk=\"tooltip_parent\">docteur-marciano.net<\/a> ont le droit de demander l&rsquo;acc\u00e8s, la rectification ou l&rsquo;effacement de leurs donn\u00e9es personnelles, en contactant le responsable de la publication. Les informations recueillies via le formulaire de contact sont stock\u00e9es pendant une p\u00e9riode de 10 ans avant d&rsquo;\u00eatre supprim\u00e9es.<\/p>\n<\/div><\/div><\/div><\/div><\/div>\n","protected":false},"excerpt":{"rendered":"","protected":false},"author":1,"featured_media":0,"parent":0,"menu_order":0,"comment_status":"closed","ping_status":"closed","template":"100-width.php","meta":{"footnotes":""},"class_list":["post-1172","page","type-page","status-publish","hentry"],"yoast_head":"<!-- This site is optimized with the Yoast SEO plugin v27.4 - https:\/\/yoast.com\/product\/yoast-seo-wordpress\/ -->\n<title>Dr S\u00e9bastian Marciano - Mentions L\u00e9gales<\/title>\n<meta name=\"description\" content=\"Soyez accompagn\u00e9, d\u00e9placements France enti\u00e8re, d\u00e9lais rapides, disponibilit\u00e9 et r\u00e9activit\u00e9. Expertise Indispensables dans l&#039;indemnisation\" \/>\n<meta name=\"robots\" content=\"index, follow, max-snippet:-1, max-image-preview:large, max-video-preview:-1\" \/>\n<link rel=\"canonical\" href=\"https:\/\/docteur-marciano.net\/site-docteur-marciano\/mentions-legales\/\" \/>\n<meta property=\"og:locale\" content=\"fr_FR\" \/>\n<meta property=\"og:type\" content=\"article\" \/>\n<meta property=\"og:title\" content=\"Dr S\u00e9bastian Marciano - Mentions L\u00e9gales\" \/>\n<meta property=\"og:description\" content=\"Soyez accompagn\u00e9, d\u00e9placements France enti\u00e8re, d\u00e9lais rapides, disponibilit\u00e9 et r\u00e9activit\u00e9. Expertise Indispensables dans l&#039;indemnisation\" \/>\n<meta property=\"og:url\" content=\"https:\/\/docteur-marciano.net\/site-docteur-marciano\/mentions-legales\/\" \/>\n<meta property=\"og:site_name\" content=\"Dr S\u00e9bastian Marciano\" \/>\n<meta property=\"article:modified_time\" content=\"2024-01-05T12:44:08+00:00\" \/>\n<meta name=\"twitter:card\" content=\"summary_large_image\" \/>\n<meta name=\"twitter:label1\" content=\"Dur\u00e9e de lecture estim\u00e9e\" \/>\n\t<meta name=\"twitter:data1\" content=\"3 minutes\" \/>\n<script type=\"application\/ld+json\" class=\"yoast-schema-graph\">{\"@context\":\"https:\\\/\\\/schema.org\",\"@graph\":[{\"@type\":\"WebPage\",\"@id\":\"https:\\\/\\\/docteur-marciano.net\\\/site-docteur-marciano\\\/mentions-legales\\\/\",\"url\":\"https:\\\/\\\/docteur-marciano.net\\\/site-docteur-marciano\\\/mentions-legales\\\/\",\"name\":\"Dr S\u00e9bastian Marciano - Mentions L\u00e9gales\",\"isPartOf\":{\"@id\":\"https:\\\/\\\/docteur-marciano.net\\\/site-docteur-marciano\\\/#website\"},\"datePublished\":\"2023-09-14T15:20:40+00:00\",\"dateModified\":\"2024-01-05T12:44:08+00:00\",\"description\":\"Soyez accompagn\u00e9, d\u00e9placements France enti\u00e8re, d\u00e9lais rapides, disponibilit\u00e9 et r\u00e9activit\u00e9. Expertise Indispensables dans l'indemnisation\",\"breadcrumb\":{\"@id\":\"https:\\\/\\\/docteur-marciano.net\\\/site-docteur-marciano\\\/mentions-legales\\\/#breadcrumb\"},\"inLanguage\":\"fr-FR\",\"potentialAction\":[{\"@type\":\"ReadAction\",\"target\":[\"https:\\\/\\\/docteur-marciano.net\\\/site-docteur-marciano\\\/mentions-legales\\\/\"]}]},{\"@type\":\"BreadcrumbList\",\"@id\":\"https:\\\/\\\/docteur-marciano.net\\\/site-docteur-marciano\\\/mentions-legales\\\/#breadcrumb\",\"itemListElement\":[{\"@type\":\"ListItem\",\"position\":1,\"name\":\"Accueil\",\"item\":\"https:\\\/\\\/docteur-marciano.net\\\/site-docteur-marciano\\\/\"},{\"@type\":\"ListItem\",\"position\":2,\"name\":\"Mentions L\u00e9gales\"}]},{\"@type\":\"WebSite\",\"@id\":\"https:\\\/\\\/docteur-marciano.net\\\/site-docteur-marciano\\\/#website\",\"url\":\"https:\\\/\\\/docteur-marciano.net\\\/site-docteur-marciano\\\/\",\"name\":\"Dr S\u00e9bastian Marciano\",\"description\":\"M\u00e9decin Conseil de victimes d&#039;accidents\",\"potentialAction\":[{\"@type\":\"SearchAction\",\"target\":{\"@type\":\"EntryPoint\",\"urlTemplate\":\"https:\\\/\\\/docteur-marciano.net\\\/site-docteur-marciano\\\/?s={search_term_string}\"},\"query-input\":{\"@type\":\"PropertyValueSpecification\",\"valueRequired\":true,\"valueName\":\"search_term_string\"}}],\"inLanguage\":\"fr-FR\"}]}<\/script>\n<!-- \/ Yoast SEO plugin. -->","yoast_head_json":{"title":"Dr S\u00e9bastian Marciano - Mentions L\u00e9gales","description":"Soyez accompagn\u00e9, d\u00e9placements France enti\u00e8re, d\u00e9lais rapides, disponibilit\u00e9 et r\u00e9activit\u00e9. Expertise Indispensables dans l'indemnisation","robots":{"index":"index","follow":"follow","max-snippet":"max-snippet:-1","max-image-preview":"max-image-preview:large","max-video-preview":"max-video-preview:-1"},"canonical":"https:\/\/docteur-marciano.net\/site-docteur-marciano\/mentions-legales\/","og_locale":"fr_FR","og_type":"article","og_title":"Dr S\u00e9bastian Marciano - Mentions L\u00e9gales","og_description":"Soyez accompagn\u00e9, d\u00e9placements France enti\u00e8re, d\u00e9lais rapides, disponibilit\u00e9 et r\u00e9activit\u00e9. Expertise Indispensables dans l'indemnisation","og_url":"https:\/\/docteur-marciano.net\/site-docteur-marciano\/mentions-legales\/","og_site_name":"Dr S\u00e9bastian Marciano","article_modified_time":"2024-01-05T12:44:08+00:00","twitter_card":"summary_large_image","twitter_misc":{"Dur\u00e9e de lecture estim\u00e9e":"3 minutes"},"schema":{"@context":"https:\/\/schema.org","@graph":[{"@type":"WebPage","@id":"https:\/\/docteur-marciano.net\/site-docteur-marciano\/mentions-legales\/","url":"https:\/\/docteur-marciano.net\/site-docteur-marciano\/mentions-legales\/","name":"Dr S\u00e9bastian Marciano - Mentions L\u00e9gales","isPartOf":{"@id":"https:\/\/docteur-marciano.net\/site-docteur-marciano\/#website"},"datePublished":"2023-09-14T15:20:40+00:00","dateModified":"2024-01-05T12:44:08+00:00","description":"Soyez accompagn\u00e9, d\u00e9placements France enti\u00e8re, d\u00e9lais rapides, disponibilit\u00e9 et r\u00e9activit\u00e9. Expertise Indispensables dans l'indemnisation","breadcrumb":{"@id":"https:\/\/docteur-marciano.net\/site-docteur-marciano\/mentions-legales\/#breadcrumb"},"inLanguage":"fr-FR","potentialAction":[{"@type":"ReadAction","target":["https:\/\/docteur-marciano.net\/site-docteur-marciano\/mentions-legales\/"]}]},{"@type":"BreadcrumbList","@id":"https:\/\/docteur-marciano.net\/site-docteur-marciano\/mentions-legales\/#breadcrumb","itemListElement":[{"@type":"ListItem","position":1,"name":"Accueil","item":"https:\/\/docteur-marciano.net\/site-docteur-marciano\/"},{"@type":"ListItem","position":2,"name":"Mentions L\u00e9gales"}]},{"@type":"WebSite","@id":"https:\/\/docteur-marciano.net\/site-docteur-marciano\/#website","url":"https:\/\/docteur-marciano.net\/site-docteur-marciano\/","name":"Dr S\u00e9bastian Marciano","description":"M\u00e9decin Conseil de victimes d&#039;accidents","potentialAction":[{"@type":"SearchAction","target":{"@type":"EntryPoint","urlTemplate":"https:\/\/docteur-marciano.net\/site-docteur-marciano\/?s={search_term_string}"},"query-input":{"@type":"PropertyValueSpecification","valueRequired":true,"valueName":"search_term_string"}}],"inLanguage":"fr-FR"}]}},"_links":{"self":[{"href":"https:\/\/docteur-marciano.net\/site-docteur-marciano\/wp-json\/wp\/v2\/pages\/1172","targetHints":{"allow":["GET"]}}],"collection":[{"href":"https:\/\/docteur-marciano.net\/site-docteur-marciano\/wp-json\/wp\/v2\/pages"}],"about":[{"href":"https:\/\/docteur-marciano.net\/site-docteur-marciano\/wp-json\/wp\/v2\/types\/page"}],"author":[{"embeddable":true,"href":"https:\/\/docteur-marciano.net\/site-docteur-marciano\/wp-json\/wp\/v2\/users\/1"}],"replies":[{"embeddable":true,"href":"https:\/\/docteur-marciano.net\/site-docteur-marciano\/wp-json\/wp\/v2\/comments?post=1172"}],"version-history":[{"count":9,"href":"https:\/\/docteur-marciano.net\/site-docteur-marciano\/wp-json\/wp\/v2\/pages\/1172\/revisions"}],"predecessor-version":[{"id":1384,"href":"https:\/\/docteur-marciano.net\/site-docteur-marciano\/wp-json\/wp\/v2\/pages\/1172\/revisions\/1384"}],"wp:attachment":[{"href":"https:\/\/docteur-marciano.net\/site-docteur-marciano\/wp-json\/wp\/v2\/media?parent=1172"}],"curies":[{"name":"wp","href":"https:\/\/api.w.org\/{rel}","templated":true}]}}